{"id":5468,"date":"2019-08-07T08:31:51","date_gmt":"2019-08-07T08:31:51","guid":{"rendered":"https:\/\/theodorushoeve.nl\/beschermdwonen\/?page_id=5468"},"modified":"2023-09-21T13:20:06","modified_gmt":"2023-09-21T13:20:06","slug":"procedure-aanmelding-en-intake","status":"publish","type":"page","link":"https:\/\/theodorushoeve.nl\/beschermdwonen\/procedure-aanmelding-en-intake\/","title":{"rendered":"Procedure aanmelding en intake"},"content":{"rendered":"<p><strong>Wil je een aanmelding of intake inplannen?<br \/>\nBen jij enthousiast geworden over het wonen op de Theodorushoeve?<br \/>\n<\/strong><br \/>\nNeem dan <a href=\"https:\/\/theodorushoeve.nl\/beschermdwonen\/contact\/\">contact<\/a> met ons op <em>(binnen 5 werkdagen ontvang jij reactie op jouw e-mail).<\/em><\/p>\n<p>Tijdens een eerste telefonisch of \u00e9\u00e9n op \u00e9\u00e9n gesprek wordt ge\u00efnventariseerd en in grote lijnen vastgesteld of jouw zorgvraag aansluit bij de doelgroep en het aanbod van de Theodorushoeve.<br \/>\nIs dit het geval? dan zal er een intake plaatsvinden.<\/p>\n<p><strong>Wanneer er sprake is van een wachtlijst dan wordt dit gelijk aan jou gemeld.<\/strong><\/p>\n<h2>Kennismaken en intake<\/h2>\n<p><strong>Wanneer een deelnemer zich wil <a href=\"https:\/\/theodorushoeve.nl\/beschermdwonen\/contact\/\">aanmelden<\/a> vindt er een eerste kennismakingsgesprek plaats.<br \/>\nMet deelnemer en\/of vertegenwoordiger en de medewerkers van de Theodorushoeve.<br \/>\n<\/strong><br \/>\nAan dit eerste gesprek is ook een rondleiding over onze boerderij gekoppeld. Zo kan een deelnemer ook een eigen indruk opdoen. In dit eerste gesprek zal er\u00a0 gepraat worden over de dagbesteding-aanvraag en het aanbod van onze activiteiten.<\/p>\n<p>Na dit eerste gesprek wordt dan ook duidelijk of het aanbod van zorgboerderij de Theodorushoeve aansluit bij de doelen en verwachtingen van de deelnemer.<\/p>\n<p>Natuurlijk wordt er rekening gehouden met de wensen, ervaringen en vaardigheden van de deelnemer. Ook de mogelijkheden die de begeleiding van zorgboerderij de Theodorushoeve te bieden hebben komen allemaal in het eerste gesprek aan bod.<\/p>\n<p><strong>De motivatie van de deelnemer is heel belangrijk.<\/strong><br \/>\nInzicht, de mate van zelfstandigheid, het vermogen te kunnen samenwerken en enthousiasme zijn o.a. van grote invloed op de mogelijkheden die de deelnemer heeft.<\/p>\n<p>Aan de hand van een vragenformulier zal de intake plaatsvinden en kunnen er concrete afspraken worden gemaakt. Wij vinden het belangrijk om vertegenwoordiger en- of persoonlijk begeleider bij deze intake te betrekken. Er kan dan aanvullende informatie gegeven en ontvangen worden. Vaak heeft de deelnemer al een voorgeschiedenis met betrekking tot zorg en hulpverlening.<br \/>\nOok is het belangrijk om inzicht te hebben over de huidige leef, woon- situatie van de deelnemer en zijn\/haar sociale netwerk.<\/p>\n<div class=\"su-button-center\"><a href=\"https:\/\/theodorushoeve.nl\/beschermdwonen\/in-en-uitsluitingscriteria\/\" class=\"su-button su-button-style-default su-button-wide\" style=\"color:#FFFFFF;background-color:#1fc93b;border-color:#19a130;border-radius:34px\" target=\"_self\"><span style=\"color:#FFFFFF;padding:6px 18px;font-size:14px;line-height:21px;border-color:#63da76;border-radius:34px;text-shadow:none\"><i class=\"sui sui-photo\" style=\"font-size:14px;color:#FFFFFF\"><\/i> Bekijk ook onze In- en uitsluitingscreteria \u25ba<\/span><\/a><\/div>\n<div class=\"su-button-center\"><a href=\"https:\/\/theodorushoeve.nl\/beschermdwonen\/nog-twee-ruime-kamers-beschikbaar\/\" class=\"su-button su-button-style-default su-button-wide\" style=\"color:#FFFFFF;background-color:#1fc93b;border-color:#19a130;border-radius:34px\" target=\"_self\"><span style=\"color:#FFFFFF;padding:6px 18px;font-size:14px;line-height:21px;border-color:#63da76;border-radius:34px;text-shadow:none\"><i class=\"sui sui-photo\" style=\"font-size:14px;color:#FFFFFF\"><\/i> Is er nog plek op de Theodorushoeve? \u25ba<\/span><\/a><\/div>\n<!-- sktbuilder starter --><script type=\"text\/javascript\" src=\"https:\/\/theodorushoeve.nl\/beschermdwonen\/wp-content\/plugins\/skt-builder\/sktbuilder\/sktbuilder-frontend-starter.js\"><\/script><script type=\"text\/javascript\" src=\"https:\/\/theodorushoeve.nl\/beschermdwonen\/wp-content\/plugins\/skt-builder\/sktbuilder-wordpress-driver.js\"><\/script><script type=\"text\/javascript\"> var starter = new SktbuilderStarter({\"mode\": \"prod\", \"skip\":[\"jquery\",\"underscore\",\"backbone\"],\"sktbuilderUrl\": \"https:\/\/theodorushoeve.nl\/beschermdwonen\/wp-content\/plugins\/skt-builder\/sktbuilder\/\", \"driver\": new SktbuilderWordpressDriver({\"ajaxUrl\": \"https:\/\/theodorushoeve.nl\/beschermdwonen\/wp-admin\/admin-ajax.php\", \"iframeUrl\": \"https:\/\/theodorushoeve.nl\/beschermdwonen\/procedure-aanmelding-en-intake\/?sktbuilder=true\", \"pageId\": 5468,  \"nonce\": \"605b8e60ca\", \"pages\": [{\"title\":\"Home\",\"url\":\"https:\\\/\\\/theodorushoeve.nl\\\/beschermdwonen\\\/wp-admin\\\/post.php?post=10&action=sktbuilder\"},{\"title\":\"Over ons\",\"url\":\"https:\\\/\\\/theodorushoeve.nl\\\/beschermdwonen\\\/wp-admin\\\/post.php?post=5126&action=sktbuilder\"}], \"page\": \"Procedure aanmelding en intake\" }) });<\/script><!-- end sktbuilder starter -->","protected":false},"excerpt":{"rendered":"<p>Wil je een aanmelding of intake inplannen? Ben jij enthousiast geworden over het wonen op de Theodorushoeve? Neem dan contact met ons op (binnen 5 werkdagen ontvang jij reactie op jouw e-mail). Tijdens een eerste telefonisch of \u00e9\u00e9n op \u00e9\u00e9n gesprek wordt ge\u00efnventariseerd en in grote lijnen vastgesteld of jouw zorgvraag aansluit bij de doelgroep<br \/><a class=\"moretag\" href=\"https:\/\/theodorushoeve.nl\/beschermdwonen\/procedure-aanmelding-en-intake\/\">+ Read More<\/a><\/p>\n","protected":false},"author":1,"featured_media":0,"parent":0,"menu_order":0,"comment_status":"closed","ping_status":"closed","template":"","meta":{"_joinchat":[],"footnotes":""},"class_list":["post-5468","page","type-page","status-publish","hentry"],"yoast_head":"<!-- This site is optimized with the Yoast SEO plugin v27.4 - https:\/\/yoast.com\/product\/yoast-seo-wordpress\/ -->\n<title>Procedure aanmelding en intake - Theodorushoeve<\/title>\n<meta name=\"description\" content=\"Tijdens een eerste telefonisch of \u00e9\u00e9n op \u00e9\u00e9n gesprek wordt ge\u00efnventariseerd en in grote lijnen vastgesteld of je voor een intake ...\u25ba lees meer\" \/>\n<meta name=\"robots\" content=\"index, follow, max-snippet:-1, max-image-preview:large, max-video-preview:-1\" \/>\n<link rel=\"canonical\" href=\"https:\/\/theodorushoeve.nl\/beschermdwonen\/procedure-aanmelding-en-intake\/\" \/>\n<meta property=\"og:locale\" content=\"nl_NL\" \/>\n<meta property=\"og:type\" content=\"article\" \/>\n<meta property=\"og:title\" content=\"Procedure aanmelding en intake - Theodorushoeve\" \/>\n<meta property=\"og:description\" content=\"Tijdens een eerste telefonisch of \u00e9\u00e9n op \u00e9\u00e9n gesprek wordt ge\u00efnventariseerd en in grote lijnen vastgesteld of je voor een intake ...\u25ba lees meer\" \/>\n<meta property=\"og:url\" content=\"https:\/\/theodorushoeve.nl\/beschermdwonen\/procedure-aanmelding-en-intake\/\" \/>\n<meta property=\"og:site_name\" content=\"Theodorushoeve\" \/>\n<meta property=\"article:modified_time\" content=\"2023-09-21T13:20:06+00:00\" \/>\n<meta name=\"twitter:card\" content=\"summary_large_image\" \/>\n<meta name=\"twitter:label1\" content=\"Geschatte leestijd\" \/>\n\t<meta name=\"twitter:data1\" content=\"2 minuten\" \/>\n<script type=\"application\/ld+json\" class=\"yoast-schema-graph\">{\"@context\":\"https:\\\/\\\/schema.org\",\"@graph\":[{\"@type\":\"WebPage\",\"@id\":\"https:\\\/\\\/theodorushoeve.nl\\\/beschermdwonen\\\/procedure-aanmelding-en-intake\\\/\",\"url\":\"https:\\\/\\\/theodorushoeve.nl\\\/beschermdwonen\\\/procedure-aanmelding-en-intake\\\/\",\"name\":\"Procedure aanmelding en intake - Theodorushoeve\",\"isPartOf\":{\"@id\":\"https:\\\/\\\/theodorushoeve.nl\\\/beschermdwonen\\\/#website\"},\"datePublished\":\"2019-08-07T08:31:51+00:00\",\"dateModified\":\"2023-09-21T13:20:06+00:00\",\"description\":\"Tijdens een eerste telefonisch of \u00e9\u00e9n op \u00e9\u00e9n gesprek wordt ge\u00efnventariseerd en in grote lijnen vastgesteld of je voor een intake ...\u25ba lees meer\",\"breadcrumb\":{\"@id\":\"https:\\\/\\\/theodorushoeve.nl\\\/beschermdwonen\\\/procedure-aanmelding-en-intake\\\/#breadcrumb\"},\"inLanguage\":\"nl-NL\",\"potentialAction\":[{\"@type\":\"ReadAction\",\"target\":[\"https:\\\/\\\/theodorushoeve.nl\\\/beschermdwonen\\\/procedure-aanmelding-en-intake\\\/\"]}]},{\"@type\":\"BreadcrumbList\",\"@id\":\"https:\\\/\\\/theodorushoeve.nl\\\/beschermdwonen\\\/procedure-aanmelding-en-intake\\\/#breadcrumb\",\"itemListElement\":[{\"@type\":\"ListItem\",\"position\":1,\"name\":\"Home\",\"item\":\"https:\\\/\\\/theodorushoeve.nl\\\/beschermdwonen\\\/\"},{\"@type\":\"ListItem\",\"position\":2,\"name\":\"Procedure aanmelding en intake\"}]},{\"@type\":\"WebSite\",\"@id\":\"https:\\\/\\\/theodorushoeve.nl\\\/beschermdwonen\\\/#website\",\"url\":\"https:\\\/\\\/theodorushoeve.nl\\\/beschermdwonen\\\/\",\"name\":\"Theodorushoeve\",\"description\":\"Voor beschermd wonen\",\"publisher\":{\"@id\":\"https:\\\/\\\/theodorushoeve.nl\\\/beschermdwonen\\\/#organization\"},\"potentialAction\":[{\"@type\":\"SearchAction\",\"target\":{\"@type\":\"EntryPoint\",\"urlTemplate\":\"https:\\\/\\\/theodorushoeve.nl\\\/beschermdwonen\\\/?s={search_term_string}\"},\"query-input\":{\"@type\":\"PropertyValueSpecification\",\"valueRequired\":true,\"valueName\":\"search_term_string\"}}],\"inLanguage\":\"nl-NL\"},{\"@type\":\"Organization\",\"@id\":\"https:\\\/\\\/theodorushoeve.nl\\\/beschermdwonen\\\/#organization\",\"name\":\"Theodorushoeve\",\"url\":\"https:\\\/\\\/theodorushoeve.nl\\\/beschermdwonen\\\/\",\"logo\":{\"@type\":\"ImageObject\",\"inLanguage\":\"nl-NL\",\"@id\":\"https:\\\/\\\/theodorushoeve.nl\\\/beschermdwonen\\\/#\\\/schema\\\/logo\\\/image\\\/\",\"url\":\"https:\\\/\\\/theodorushoeve.nl\\\/beschermdwonen\\\/wp-content\\\/uploads\\\/2019\\\/08\\\/logo-theodorushoeve.png\",\"contentUrl\":\"https:\\\/\\\/theodorushoeve.nl\\\/beschermdwonen\\\/wp-content\\\/uploads\\\/2019\\\/08\\\/logo-theodorushoeve.png\",\"width\":324,\"height\":108,\"caption\":\"Theodorushoeve\"},\"image\":{\"@id\":\"https:\\\/\\\/theodorushoeve.nl\\\/beschermdwonen\\\/#\\\/schema\\\/logo\\\/image\\\/\"}}]}<\/script>\n<!-- \/ Yoast SEO plugin. -->","yoast_head_json":{"title":"Procedure aanmelding en intake - Theodorushoeve","description":"Tijdens een eerste telefonisch of \u00e9\u00e9n op \u00e9\u00e9n gesprek wordt ge\u00efnventariseerd en in grote lijnen vastgesteld of je voor een intake ...\u25ba lees meer","robots":{"index":"index","follow":"follow","max-snippet":"max-snippet:-1","max-image-preview":"max-image-preview:large","max-video-preview":"max-video-preview:-1"},"canonical":"https:\/\/theodorushoeve.nl\/beschermdwonen\/procedure-aanmelding-en-intake\/","og_locale":"nl_NL","og_type":"article","og_title":"Procedure aanmelding en intake - Theodorushoeve","og_description":"Tijdens een eerste telefonisch of \u00e9\u00e9n op \u00e9\u00e9n gesprek wordt ge\u00efnventariseerd en in grote lijnen vastgesteld of je voor een intake ...\u25ba lees meer","og_url":"https:\/\/theodorushoeve.nl\/beschermdwonen\/procedure-aanmelding-en-intake\/","og_site_name":"Theodorushoeve","article_modified_time":"2023-09-21T13:20:06+00:00","twitter_card":"summary_large_image","twitter_misc":{"Geschatte leestijd":"2 minuten"},"schema":{"@context":"https:\/\/schema.org","@graph":[{"@type":"WebPage","@id":"https:\/\/theodorushoeve.nl\/beschermdwonen\/procedure-aanmelding-en-intake\/","url":"https:\/\/theodorushoeve.nl\/beschermdwonen\/procedure-aanmelding-en-intake\/","name":"Procedure aanmelding en intake - Theodorushoeve","isPartOf":{"@id":"https:\/\/theodorushoeve.nl\/beschermdwonen\/#website"},"datePublished":"2019-08-07T08:31:51+00:00","dateModified":"2023-09-21T13:20:06+00:00","description":"Tijdens een eerste telefonisch of \u00e9\u00e9n op \u00e9\u00e9n gesprek wordt ge\u00efnventariseerd en in grote lijnen vastgesteld of je voor een intake ...\u25ba lees meer","breadcrumb":{"@id":"https:\/\/theodorushoeve.nl\/beschermdwonen\/procedure-aanmelding-en-intake\/#breadcrumb"},"inLanguage":"nl-NL","potentialAction":[{"@type":"ReadAction","target":["https:\/\/theodorushoeve.nl\/beschermdwonen\/procedure-aanmelding-en-intake\/"]}]},{"@type":"BreadcrumbList","@id":"https:\/\/theodorushoeve.nl\/beschermdwonen\/procedure-aanmelding-en-intake\/#breadcrumb","itemListElement":[{"@type":"ListItem","position":1,"name":"Home","item":"https:\/\/theodorushoeve.nl\/beschermdwonen\/"},{"@type":"ListItem","position":2,"name":"Procedure aanmelding en intake"}]},{"@type":"WebSite","@id":"https:\/\/theodorushoeve.nl\/beschermdwonen\/#website","url":"https:\/\/theodorushoeve.nl\/beschermdwonen\/","name":"Theodorushoeve","description":"Voor beschermd wonen","publisher":{"@id":"https:\/\/theodorushoeve.nl\/beschermdwonen\/#organization"},"potentialAction":[{"@type":"SearchAction","target":{"@type":"EntryPoint","urlTemplate":"https:\/\/theodorushoeve.nl\/beschermdwonen\/?s={search_term_string}"},"query-input":{"@type":"PropertyValueSpecification","valueRequired":true,"valueName":"search_term_string"}}],"inLanguage":"nl-NL"},{"@type":"Organization","@id":"https:\/\/theodorushoeve.nl\/beschermdwonen\/#organization","name":"Theodorushoeve","url":"https:\/\/theodorushoeve.nl\/beschermdwonen\/","logo":{"@type":"ImageObject","inLanguage":"nl-NL","@id":"https:\/\/theodorushoeve.nl\/beschermdwonen\/#\/schema\/logo\/image\/","url":"https:\/\/theodorushoeve.nl\/beschermdwonen\/wp-content\/uploads\/2019\/08\/logo-theodorushoeve.png","contentUrl":"https:\/\/theodorushoeve.nl\/beschermdwonen\/wp-content\/uploads\/2019\/08\/logo-theodorushoeve.png","width":324,"height":108,"caption":"Theodorushoeve"},"image":{"@id":"https:\/\/theodorushoeve.nl\/beschermdwonen\/#\/schema\/logo\/image\/"}}]}},"jetpack_sharing_enabled":true,"_links":{"self":[{"href":"https:\/\/theodorushoeve.nl\/beschermdwonen\/wp-json\/wp\/v2\/pages\/5468","targetHints":{"allow":["GET"]}}],"collection":[{"href":"https:\/\/theodorushoeve.nl\/beschermdwonen\/wp-json\/wp\/v2\/pages"}],"about":[{"href":"https:\/\/theodorushoeve.nl\/beschermdwonen\/wp-json\/wp\/v2\/types\/page"}],"author":[{"embeddable":true,"href":"https:\/\/theodorushoeve.nl\/beschermdwonen\/wp-json\/wp\/v2\/users\/1"}],"replies":[{"embeddable":true,"href":"https:\/\/theodorushoeve.nl\/beschermdwonen\/wp-json\/wp\/v2\/comments?post=5468"}],"version-history":[{"count":22,"href":"https:\/\/theodorushoeve.nl\/beschermdwonen\/wp-json\/wp\/v2\/pages\/5468\/revisions"}],"predecessor-version":[{"id":5849,"href":"https:\/\/theodorushoeve.nl\/beschermdwonen\/wp-json\/wp\/v2\/pages\/5468\/revisions\/5849"}],"wp:attachment":[{"href":"https:\/\/theodorushoeve.nl\/beschermdwonen\/wp-json\/wp\/v2\/media?parent=5468"}],"curies":[{"name":"wp","href":"https:\/\/api.w.org\/{rel}","templated":true}]}}